{"id":12638,"date":"2021-02-26T17:51:12","date_gmt":"2021-02-26T16:51:12","guid":{"rendered":"https:\/\/gollnerj.cz\/?page_id=12638"},"modified":"2022-03-27T17:10:57","modified_gmt":"2022-03-27T15:10:57","slug":"muzeum-digitalnich-fotoaparatu","status":"publish","type":"page","link":"https:\/\/gollnerj.cz\/?page_id=12638","title":{"rendered":"Muzeum digit\u00e1ln\u00edch fotoapar\u00e1t\u016f"},"content":{"rendered":"\nngg_shortcode_0_placeholder\n\r\n","protected":false},"excerpt":{"rendered":"","protected":false},"author":9,"featured_media":0,"parent":0,"menu_order":0,"comment_status":"closed","ping_status":"closed","template":"","meta":{"ngg_post_thumbnail":0,"footnotes":""},"class_list":["post-12638","page","type-page","status-publish","hentry"],"_links":{"self":[{"href":"https:\/\/gollnerj.cz\/index.php?rest_route=\/wp\/v2\/pages\/12638","targetHints":{"allow":["GET"]}}],"collection":[{"href":"https:\/\/gollnerj.cz\/index.php?rest_route=\/wp\/v2\/pages"}],"about":[{"href":"https:\/\/gollnerj.cz\/index.php?rest_route=\/wp\/v2\/types\/page"}],"author":[{"embeddable":true,"href":"https:\/\/gollnerj.cz\/index.php?rest_route=\/wp\/v2\/users\/9"}],"replies":[{"embeddable":true,"href":"https:\/\/gollnerj.cz\/index.php?rest_route=%2Fwp%2Fv2%2Fcomments&post=12638"}],"version-history":[{"count":1,"href":"https:\/\/gollnerj.cz\/index.php?rest_route=\/wp\/v2\/pages\/12638\/revisions"}],"predecessor-version":[{"id":12639,"href":"https:\/\/gollnerj.cz\/index.php?rest_route=\/wp\/v2\/pages\/12638\/revisions\/12639"}],"wp:attachment":[{"href":"https:\/\/gollnerj.cz\/index.php?rest_route=%2Fwp%2Fv2%2Fmedia&parent=12638"}],"curies":[{"name":"wp","href":"https:\/\/api.w.org\/{rel}","templated":true}]}}