{"id":12625,"date":"2021-02-19T11:28:50","date_gmt":"2021-02-19T10:28:50","guid":{"rendered":"https:\/\/gollnerj.cz\/?page_id=12625"},"modified":"2022-03-27T17:10:44","modified_gmt":"2022-03-27T15:10:44","slug":"kompaktni-fotoaparaty","status":"publish","type":"page","link":"https:\/\/gollnerj.cz\/?page_id=12625","title":{"rendered":"Muzeum kompaktn\u00edch fotoapar\u00e1t\u016f"},"content":{"rendered":"\nngg_shortcode_0_placeholder\n\r\n","protected":false},"excerpt":{"rendered":"","protected":false},"author":9,"featured_media":0,"parent":0,"menu_order":0,"comment_status":"closed","ping_status":"closed","template":"","meta":{"ngg_post_thumbnail":0,"footnotes":""},"class_list":["post-12625","page","type-page","status-publish","hentry"],"_links":{"self":[{"href":"https:\/\/gollnerj.cz\/index.php?rest_route=\/wp\/v2\/pages\/12625","targetHints":{"allow":["GET"]}}],"collection":[{"href":"https:\/\/gollnerj.cz\/index.php?rest_route=\/wp\/v2\/pages"}],"about":[{"href":"https:\/\/gollnerj.cz\/index.php?rest_route=\/wp\/v2\/types\/page"}],"author":[{"embeddable":true,"href":"https:\/\/gollnerj.cz\/index.php?rest_route=\/wp\/v2\/users\/9"}],"replies":[{"embeddable":true,"href":"https:\/\/gollnerj.cz\/index.php?rest_route=%2Fwp%2Fv2%2Fcomments&post=12625"}],"version-history":[{"count":2,"href":"https:\/\/gollnerj.cz\/index.php?rest_route=\/wp\/v2\/pages\/12625\/revisions"}],"predecessor-version":[{"id":12628,"href":"https:\/\/gollnerj.cz\/index.php?rest_route=\/wp\/v2\/pages\/12625\/revisions\/12628"}],"wp:attachment":[{"href":"https:\/\/gollnerj.cz\/index.php?rest_route=%2Fwp%2Fv2%2Fmedia&parent=12625"}],"curies":[{"name":"wp","href":"https:\/\/api.w.org\/{rel}","templated":true}]}}